{"id":1378,"date":"2018-02-07T11:20:10","date_gmt":"2018-02-07T10:20:10","guid":{"rendered":"http:\/\/www.onsite.cz\/detaily-reseni\/"},"modified":"2018-06-02T17:31:44","modified_gmt":"2018-06-02T15:31:44","slug":"principle","status":"publish","type":"page","link":"https:\/\/www.onsite.cz\/en\/principle\/","title":{"rendered":"Principle"},"content":{"rendered":"<p>[et_pb_section bb_built=&#8221;1&#8243; module_class=&#8221;ref head&#8221; _builder_version=&#8221;3.0.102&#8243; next_background_color=&#8221;#000000&#8243;][et_pb_row width_unit=&#8221;off&#8221; _builder_version=&#8221;3.0.105&#8243;][et_pb_column type=&#8221;4_4&#8243;][et_pb_text admin_label=&#8221;Nadpis str\u00e1nky&#8221; _builder_version=&#8221;3.0.106&#8243; text_orientation=&#8221;center&#8221; background_layout=&#8221;light&#8221;]<\/p>\n<h1 class=\"page-title\">The Principle of our Solution<\/h1>\n<p>[\/et_pb_text][\/et_pb_column][\/et_pb_row][\/et_pb_section][et_pb_section bb_built=&#8221;1&#8243; _builder_version=&#8221;3.0.105&#8243; custom_padding=&#8221;0px|0px|54px|0px&#8221; prev_background_color=&#8221;#000000&#8243; next_background_color=&#8221;#000000&#8243;][et_pb_row width_unit=&#8221;off&#8221; background_color_3=&#8221;#f2f2f2&#8243; padding_top_1=&#8221;2em&#8221; padding_right_1=&#8221;2em&#8221; padding_bottom_1=&#8221;2em&#8221; padding_left_1=&#8221;2em&#8221; padding_top_2=&#8221;2em&#8221; padding_right_2=&#8221;2em&#8221; padding_bottom_2=&#8221;2em&#8221; padding_left_2=&#8221;2em&#8221; padding_top_3=&#8221;2em&#8221; padding_right_3=&#8221;2em&#8221; padding_bottom_3=&#8221;2em&#8221; padding_left_3=&#8221;2em&#8221; _builder_version=&#8221;3.0.105&#8243; background_color_2=&#8221;#f4f4f4&#8243; use_custom_width=&#8221;on&#8221;][et_pb_column type=&#8221;1_2&#8243;][et_pb_text admin_label=&#8221;nadpis stavu&#8221; _builder_version=&#8221;3.0.106&#8243; header_2_font=&#8221;|||on|||||&#8221; text_orientation=&#8221;center&#8221; background_layout=&#8221;light&#8221;]<\/p>\n<h2>EXISTING STATE OF AFFAIRS<\/h2>\n<p>[\/et_pb_text][et_pb_image src=&#8221;http:\/\/www.onsite.cz\/wp-content\/uploads\/2018\/04\/schema-03N1.png&#8221; align=&#8221;center&#8221; _builder_version=&#8221;3.0.106&#8243; show_in_lightbox=&#8221;off&#8221; url_new_window=&#8221;off&#8221; use_overlay=&#8221;off&#8221; always_center_on_mobile=&#8221;on&#8221; force_fullwidth=&#8221;off&#8221; show_bottom_space=&#8221;on&#8221; \/][et_pb_text _builder_version=&#8221;3.0.106&#8243; background_layout=&#8221;light&#8221;]<\/p>\n<h3>WITHOUT COGENERATION<\/h3>\n<h4>Electricity:<\/h4>\n<p>Connection to an external electricity supplier. Absolute dependence on its pricing policy + on development of electricity prices on the market. Very low bargaining power (single building).<br \/>\nAdvance payments + annual settlement of accounts for heat according to final readings.<\/p>\n<h4>Heat:<\/h4>\n<p><strong>In-house gas boiler room<\/strong><\/p>\n<ul>\n<li>A very uneconomical and not very environmentally friendly solution in the case of older buildings.<\/li>\n<li>A frequently undersized solution or one which no longer meets the requirements of the current operating regime.<\/li>\n<li>Need for regular inspections, servicing, replacement of individual parts, regular readjustment \u2013 arranged by an external company subject to a&nbsp;fee or by employees themselves between individual inspections (often intuitively).<\/li>\n<li>Almost impossible to predict a&nbsp;problem and resolve it in time. If no service contract is concluded with nonstop on-call service, resolution of the problem takes days, not minutes or hours.<\/li>\n<\/ul>\n<p><strong>Connection to a&nbsp;central heat supply <\/strong><\/p>\n<ul>\n<li>Absolute dependence on the supplier, its pricing policy + on development of electricity prices on the market.<\/li>\n<li>Often absurdly high prices per unit. Very low bargaining power (single building).<\/li>\n<li>Advance payments + annual settlement of accounts for heat according to final readings.<\/li>\n<\/ul>\n<p>[\/et_pb_text][\/et_pb_column][et_pb_column type=&#8221;1_2&#8243;][et_pb_text admin_label=&#8221;nadpis stavu&#8221; _builder_version=&#8221;3.0.106&#8243; header_2_font=&#8221;|||on|||||&#8221; header_2_text_color=&#8221;#0080c0&#8243; text_orientation=&#8221;center&#8221; background_layout=&#8221;light&#8221;]<\/p>\n<h2>ONSITE MICRO POWER PLANT<\/h2>\n<p>[\/et_pb_text][et_pb_image src=&#8221;http:\/\/www.onsite.cz\/wp-content\/uploads\/2018\/04\/schema-03n-en-1.png&#8221; align=&#8221;center&#8221; _builder_version=&#8221;3.0.106&#8243; show_in_lightbox=&#8221;off&#8221; url_new_window=&#8221;off&#8221; use_overlay=&#8221;off&#8221; always_center_on_mobile=&#8221;on&#8221; force_fullwidth=&#8221;off&#8221; show_bottom_space=&#8221;on&#8221; \/][et_pb_text _builder_version=&#8221;3.0.106&#8243; background_layout=&#8221;light&#8221;]<\/p>\n<h3>ONSITE SOLUTION<\/h3>\n<p><strong>We install our micro power plant in your boiler room and operate, optimise and service it for a&nbsp;period of 10 years.<\/strong> Our monitoring centre is permanently connected to the equipment and knows about every fluctuation or change in good time. Service technicians are able to resolve any problem which may arise quickly and effectively.<\/p>\n<p><strong>An OnSite Power micro power plant is equipment the size of a&nbsp;passenger car engine.<\/strong> At its core is a&nbsp;next generation cogeneration unit \u2013 a&nbsp;combustion engine with a&nbsp;generator which <strong>produces heat and electricity from natural gas with a&nbsp;high level of efficiency (approx. 95&nbsp;%).<\/strong> The engine powers a&nbsp;generator which produces electricity. The water cooling for the engine is a&nbsp;source of heating and preparation of hot water. One small unit with an output of 30 kW of electricity and 60 kW of heat can save you up to hundreds of thousands of crowns a&nbsp;year. Larger units (starting from 200 kW of electrical power) can generate savings of as much as millions of crowns.<\/p>\n<p>The unit is installed in your boiler room. It mostly does not replace but augments and supplements the existing equipment. This is one of the most efficient methods of producing heat and electricity. The location of energy production directly in the building where it is consumed means that there are no distribution losses. This, together with a&nbsp;high level of efficiency, is your guarantee of favourable energy prices.<\/p>\n<p><strong>The micro power plant does not replace the original equipment in the boiler room.<\/strong> It complements and accelerates its output. It reduces costs for energy consumed as well as costs for renewal, management and servicing the original boiler room equipment.<\/p>\n<p><strong>You don\u2019t need to cancel your contractual obligations with the suppliers of heat and electricity<\/strong> \u2013 on the contrary, we will leave these as a&nbsp;back-up for the event of your energy consumption being greater than the micro power plant is able to produce. Everything takes place in a&nbsp;fully automated manner. The consumer doesn\u2019t even know that the additional production source has been activated.<\/p>\n<p><strong>The consumer (operator or owner of the building) only pays for the actually consumed energy and heat.<\/strong> The price of this is 15\u201330% cheaper. We are able to calculate savings in advance and guarantee them for the whole period of operation of the equipment.<\/p>\n<p>The micro power plant produces power at full capacity all day long. <strong>Unused electricity which remains is automatically sold on the energy exchange via the distribution network.<\/strong> We use the proceeds from these sales, economies of scale and use of the options offered by \u201cgreen bonuses\u201d to gradually amortise purchase of the micro power plant, costs for operation and optimisation \u2013 and after several years, in our capacity as the investor, we eventually also achieve a&nbsp;reasonable profit. We are only able to do so thanks to the fact that we operate a&nbsp;lot of similar equipment.<\/p>\n<p>[\/et_pb_text][\/et_pb_column][\/et_pb_row][\/et_pb_section][et_pb_section bb_built=&#8221;1&#8243; fullwidth=&#8221;off&#8221; specialty=&#8221;off&#8221; prev_background_color=&#8221;#000000&#8243; next_background_color=&#8221;#3fa53f&#8221;][et_pb_row _builder_version=&#8221;3.0.105&#8243; background_size=&#8221;initial&#8221; background_position=&#8221;top_left&#8221; background_repeat=&#8221;repeat&#8221;][et_pb_column type=&#8221;4_4&#8243;][et_pb_button admin_label=&#8221;Tla\u010d\u00edtko reference&#8221; button_url=&#8221;\/reference\/&#8221; button_text=&#8221;Have a look at our installation references!&#8221; button_alignment=&#8221;center&#8221; _builder_version=&#8221;3.0.106&#8243; custom_button=&#8221;on&#8221; button_text_size=&#8221;28px&#8221; button_text_color=&#8221;#ffffff&#8221; button_bg_color=&#8221;#3fa53f&#8221; button_border_width=&#8221;0px&#8221; button_icon=&#8221;%%144%%&#8221; button_text_color_hover=&#8221;#ffffff&#8221; button_bg_color_hover=&#8221;#0080c0&#8243; url_new_window=&#8221;off&#8221; background_layout=&#8221;light&#8221; button_icon_placement=&#8221;right&#8221; \/][\/et_pb_column][\/et_pb_row][\/et_pb_section][et_pb_section bb_built=&#8221;1&#8243; background_color=&#8221;#3fa53f&#8221; module_class=&#8221;callcon&#8221; _builder_version=&#8221;3.0.105&#8243; background_image=&#8221;http:\/\/www.onsite.cz\/wp-content\/uploads\/2018\/02\/contact-back-3.jpg&#8221; background_blend=&#8221;soft-light&#8221; prev_background_color=&#8221;#ffffff&#8221;][et_pb_row _builder_version=&#8221;3.0.105&#8243; width_unit=&#8221;off&#8221;][et_pb_column type=&#8221;4_4&#8243;][et_pb_text _builder_version=&#8221;3.0.106&#8243; background_layout=&#8221;dark&#8221; text_orientation=&#8221;center&#8221; header_3_font_size=&#8221;26px&#8221;]<\/p>\n<h3>Leave us a&nbsp;contact and we\u2019ll get back to you.<\/h3>\n<p>[\/et_pb_text][et_pb_text admin_label=&#8221;Rychl\u00fd kontakt&#8221; _builder_version=&#8221;3.0.106&#8243; background_layout=&#8221;light&#8221; module_class=&#8221;scontact&#8221;]<\/p>\n<div class=\"caldera-grid\" id=\"caldera_form_1\" data-cf-ver=\"1.9.6\" data-cf-form-id=\"CF5ad9f1365736c\"><div id=\"caldera_notices_1\" data-spinner=\"https:\/\/www.onsite.cz\/wp-admin\/images\/spinner.gif\"><\/div><form data-instance=\"1\" class=\"CF5ad9f1365736c caldera_forms_form cfajax-trigger\" method=\"POST\" enctype=\"multipart\/form-data\" id=\"CF5ad9f1365736c_1\" data-form-id=\"CF5ad9f1365736c\" aria-label=\"Contact form\" data-target=\"#caldera_notices_1\" data-template=\"#cfajax_CF5ad9f1365736c-tmpl\" data-cfajax=\"CF5ad9f1365736c\" data-load-element=\"_parent\" data-load-class=\"cf_processing\" data-post-disable=\"0\" data-action=\"cf_process_ajax_submit\" data-request=\"https:\/\/www.onsite.cz\/en\/\/cf-api\/CF5ad9f1365736c\" data-custom-callback=\"formSubmit\" data-hiderows=\"true\">\r\n<input type=\"hidden\" id=\"_cf_verify_CF5ad9f1365736c\" name=\"_cf_verify\" value=\"a37664de82\"  data-nonce-time=\"1776376705\" \/><input type=\"hidden\" name=\"_wp_http_referer\" value=\"\/en\/wp-json\/wp\/v2\/pages\/1378\" \/><div id=\"cf2-CF5ad9f1365736c_1\"><\/div><input type=\"hidden\" name=\"_cf_frm_id\" value=\"CF5ad9f1365736c\">\r\n<input type=\"hidden\" name=\"_cf_frm_ct\" value=\"1\">\r\n<input type=\"hidden\" name=\"cfajax\" value=\"CF5ad9f1365736c\">\r\n<input type=\"hidden\" name=\"_cf_cr_pst\" value=\"1378\">\r\n<div class=\"hide\" style=\"display:none; overflow:hidden;height:0;width:0;\">\r\n<label>Web Site<\/label><input type=\"text\" name=\"web_site\" value=\"\" autocomplete=\"off\">\r\n<\/div><div id=\"CF5ad9f1365736c_1-row-1\"  class=\"row  single\"><div  class=\"col-sm-8  first_col\"><div data-field-wrapper=\"fld_8768091\" class=\"form-group\" id=\"fld_8768091_1-wrap\">\r\n\t<label id=\"fld_8768091Label\" for=\"fld_8768091_1\" class=\"control-label screen-reader-text sr-only\">My phone or e-mail<\/label>\r\n\t<div class=\"\">\r\n\t\t<input placeholder=\"My phone or e-mail\"  required type=\"text\" data-field=\"fld_8768091\" class=\" form-control\" id=\"fld_8768091_1\" name=\"fld_8768091\" value=\"\" data-type=\"text\" aria-required=\"true\"   aria-labelledby=\"fld_8768091Label\" >\t\t\t<\/div>\r\n<\/div>\r\n<\/div><div  class=\"col-sm-4  last_col\"><div data-field-wrapper=\"fld_7908577\" class=\"form-group\" id=\"fld_7908577_1-wrap\">\r\n<div class=\"\">\r\n\t<input  class=\"btn btn-default\" type=\"submit\" name=\"fld_7908577\" id=\"fld_7908577_1\" value=\"Contact me\" data-field=\"fld_7908577\"  >\n<\/div>\r\n<\/div>\r\n\t<input class=\"button_trigger_1\" type=\"hidden\" name=\"fld_7908577\" id=\"fld_7908577_1_btn\" value=\"\" data-field=\"fld_7908577\"  \/>\n<\/div><\/div><\/form>\r\n<\/div>\r\n\n<p>[\/et_pb_text][\/et_pb_column][\/et_pb_row][\/et_pb_section]<\/p>\n","protected":false},"excerpt":{"rendered":"<p>The Principle of our Solution EXISTING STATE OF AFFAIRS WITHOUT COGENERATION Electricity: Connection to an external electricity supplier. Absolute dependence on its pricing policy + on development of electricity prices on the market. Very low bargaining power (single building). Advance payments + annual settlement of accounts for heat according to final readings. Heat: In-house gas [&hellip;]<\/p>\n","protected":false},"author":2,"featured_media":0,"parent":0,"menu_order":0,"comment_status":"closed","ping_status":"closed","template":"","meta":{"_et_pb_use_builder":"on","_et_pb_old_content":"","_et_gb_content_width":"","footnotes":""},"yoast_head":"<!-- This site is optimized with the Yoast SEO plugin v22.3 - https:\/\/yoast.com\/wordpress\/plugins\/seo\/ -->\n<title>Principle of our solution | OnSite Power<\/title>\n<meta name=\"description\" content=\"We install our micro power plant in your boiler room and operate, optimise and service it for a period of 10 years. Our monitoring centre is permanently connected to the equipment and knows about every fluctuation or change in good time. Service technicians resolve any problem which may arise quickly and effectively.\" \/>\n<meta name=\"robots\" content=\"index, follow, max-snippet:-1, max-image-preview:large, max-video-preview:-1\" \/>\n<link rel=\"canonical\" href=\"https:\/\/www.onsite.cz\/en\/principle\/\" \/>\n<meta property=\"og:locale\" content=\"en_US\" \/>\n<meta property=\"og:type\" content=\"article\" \/>\n<meta property=\"og:title\" content=\"Principle of our solution | OnSite Power\" \/>\n<meta property=\"og:description\" content=\"We install our micro power plant in your boiler room and operate, optimise and service it for a period of 10 years. Our monitoring centre is permanently connected to the equipment and knows about every fluctuation or change in good time. Service technicians resolve any problem which may arise quickly and effectively.\" \/>\n<meta property=\"og:url\" content=\"https:\/\/www.onsite.cz\/en\/principle\/\" \/>\n<meta property=\"og:site_name\" content=\"OnSite Power\" \/>\n<meta property=\"article:modified_time\" content=\"2018-06-02T15:31:44+00:00\" \/>\n<meta name=\"twitter:card\" content=\"summary_large_image\" \/>\n<meta name=\"twitter:label1\" content=\"Est. reading time\" \/>\n\t<meta name=\"twitter:data1\" content=\"6 minutes\" \/>\n<script type=\"application\/ld+json\" class=\"yoast-schema-graph\">{\"@context\":\"https:\/\/schema.org\",\"@graph\":[{\"@type\":\"WebPage\",\"@id\":\"https:\/\/www.onsite.cz\/en\/principle\/\",\"url\":\"https:\/\/www.onsite.cz\/en\/principle\/\",\"name\":\"Principle of our solution | OnSite Power\",\"isPartOf\":{\"@id\":\"https:\/\/www.onsite.cz\/#website\"},\"datePublished\":\"2018-02-07T10:20:10+00:00\",\"dateModified\":\"2018-06-02T15:31:44+00:00\",\"description\":\"We install our micro power plant in your boiler room and operate, optimise and service it for a period of 10 years. Our monitoring centre is permanently connected to the equipment and knows about every fluctuation or change in good time. Service technicians resolve any problem which may arise quickly and effectively.\",\"breadcrumb\":{\"@id\":\"https:\/\/www.onsite.cz\/en\/principle\/#breadcrumb\"},\"inLanguage\":\"en-US\",\"potentialAction\":[{\"@type\":\"ReadAction\",\"target\":[\"https:\/\/www.onsite.cz\/en\/principle\/\"]}]},{\"@type\":\"BreadcrumbList\",\"@id\":\"https:\/\/www.onsite.cz\/en\/principle\/#breadcrumb\",\"itemListElement\":[{\"@type\":\"ListItem\",\"position\":1,\"name\":\"Home\",\"item\":\"https:\/\/www.onsite.cz\/\"},{\"@type\":\"ListItem\",\"position\":2,\"name\":\"Principle\"}]},{\"@type\":\"WebSite\",\"@id\":\"https:\/\/www.onsite.cz\/#website\",\"url\":\"https:\/\/www.onsite.cz\/\",\"name\":\"OnSite Power\",\"description\":\"Onsite elektr\u00e1rna ve va\u0161\u00ed koteln\u011b uspo\u0159\u00ed teplo a elektrickou energii. Nulov\u00e1 investice, nulov\u00e9 provozn\u00ed n\u00e1klady.\",\"publisher\":{\"@id\":\"https:\/\/www.onsite.cz\/#organization\"},\"potentialAction\":[{\"@type\":\"SearchAction\",\"target\":{\"@type\":\"EntryPoint\",\"urlTemplate\":\"https:\/\/www.onsite.cz\/?s={search_term_string}\"},\"query-input\":\"required name=search_term_string\"}],\"inLanguage\":\"en-US\"},{\"@type\":\"Organization\",\"@id\":\"https:\/\/www.onsite.cz\/#organization\",\"name\":\"Onsite Power s.r.o.\",\"url\":\"https:\/\/www.onsite.cz\/\",\"logo\":{\"@type\":\"ImageObject\",\"inLanguage\":\"en-US\",\"@id\":\"https:\/\/www.onsite.cz\/#\/schema\/logo\/image\/\",\"url\":\"https:\/\/www.onsite.cz\/wp-content\/uploads\/2018\/01\/onsite-logo.png\",\"contentUrl\":\"https:\/\/www.onsite.cz\/wp-content\/uploads\/2018\/01\/onsite-logo.png\",\"width\":680,\"height\":339,\"caption\":\"Onsite Power s.r.o.\"},\"image\":{\"@id\":\"https:\/\/www.onsite.cz\/#\/schema\/logo\/image\/\"}}]}<\/script>\n<!-- \/ Yoast SEO plugin. -->","yoast_head_json":{"title":"Principle of our solution | OnSite Power","description":"We install our micro power plant in your boiler room and operate, optimise and service it for a period of 10 years. Our monitoring centre is permanently connected to the equipment and knows about every fluctuation or change in good time. Service technicians resolve any problem which may arise quickly and effectively.","robots":{"index":"index","follow":"follow","max-snippet":"max-snippet:-1","max-image-preview":"max-image-preview:large","max-video-preview":"max-video-preview:-1"},"canonical":"https:\/\/www.onsite.cz\/en\/principle\/","og_locale":"en_US","og_type":"article","og_title":"Principle of our solution | OnSite Power","og_description":"We install our micro power plant in your boiler room and operate, optimise and service it for a period of 10 years. Our monitoring centre is permanently connected to the equipment and knows about every fluctuation or change in good time. Service technicians resolve any problem which may arise quickly and effectively.","og_url":"https:\/\/www.onsite.cz\/en\/principle\/","og_site_name":"OnSite Power","article_modified_time":"2018-06-02T15:31:44+00:00","twitter_card":"summary_large_image","twitter_misc":{"Est. reading time":"6 minutes"},"schema":{"@context":"https:\/\/schema.org","@graph":[{"@type":"WebPage","@id":"https:\/\/www.onsite.cz\/en\/principle\/","url":"https:\/\/www.onsite.cz\/en\/principle\/","name":"Principle of our solution | OnSite Power","isPartOf":{"@id":"https:\/\/www.onsite.cz\/#website"},"datePublished":"2018-02-07T10:20:10+00:00","dateModified":"2018-06-02T15:31:44+00:00","description":"We install our micro power plant in your boiler room and operate, optimise and service it for a period of 10 years. Our monitoring centre is permanently connected to the equipment and knows about every fluctuation or change in good time. Service technicians resolve any problem which may arise quickly and effectively.","breadcrumb":{"@id":"https:\/\/www.onsite.cz\/en\/principle\/#breadcrumb"},"inLanguage":"en-US","potentialAction":[{"@type":"ReadAction","target":["https:\/\/www.onsite.cz\/en\/principle\/"]}]},{"@type":"BreadcrumbList","@id":"https:\/\/www.onsite.cz\/en\/principle\/#breadcrumb","itemListElement":[{"@type":"ListItem","position":1,"name":"Home","item":"https:\/\/www.onsite.cz\/"},{"@type":"ListItem","position":2,"name":"Principle"}]},{"@type":"WebSite","@id":"https:\/\/www.onsite.cz\/#website","url":"https:\/\/www.onsite.cz\/","name":"OnSite Power","description":"Onsite elektr\u00e1rna ve va\u0161\u00ed koteln\u011b uspo\u0159\u00ed teplo a elektrickou energii. Nulov\u00e1 investice, nulov\u00e9 provozn\u00ed n\u00e1klady.","publisher":{"@id":"https:\/\/www.onsite.cz\/#organization"},"potentialAction":[{"@type":"SearchAction","target":{"@type":"EntryPoint","urlTemplate":"https:\/\/www.onsite.cz\/?s={search_term_string}"},"query-input":"required name=search_term_string"}],"inLanguage":"en-US"},{"@type":"Organization","@id":"https:\/\/www.onsite.cz\/#organization","name":"Onsite Power s.r.o.","url":"https:\/\/www.onsite.cz\/","logo":{"@type":"ImageObject","inLanguage":"en-US","@id":"https:\/\/www.onsite.cz\/#\/schema\/logo\/image\/","url":"https:\/\/www.onsite.cz\/wp-content\/uploads\/2018\/01\/onsite-logo.png","contentUrl":"https:\/\/www.onsite.cz\/wp-content\/uploads\/2018\/01\/onsite-logo.png","width":680,"height":339,"caption":"Onsite Power s.r.o."},"image":{"@id":"https:\/\/www.onsite.cz\/#\/schema\/logo\/image\/"}}]}},"_links":{"self":[{"href":"https:\/\/www.onsite.cz\/en\/wp-json\/wp\/v2\/pages\/1378"}],"collection":[{"href":"https:\/\/www.onsite.cz\/en\/wp-json\/wp\/v2\/pages"}],"about":[{"href":"https:\/\/www.onsite.cz\/en\/wp-json\/wp\/v2\/types\/page"}],"author":[{"embeddable":true,"href":"https:\/\/www.onsite.cz\/en\/wp-json\/wp\/v2\/users\/2"}],"replies":[{"embeddable":true,"href":"https:\/\/www.onsite.cz\/en\/wp-json\/wp\/v2\/comments?post=1378"}],"version-history":[{"count":9,"href":"https:\/\/www.onsite.cz\/en\/wp-json\/wp\/v2\/pages\/1378\/revisions"}],"predecessor-version":[{"id":2025,"href":"https:\/\/www.onsite.cz\/en\/wp-json\/wp\/v2\/pages\/1378\/revisions\/2025"}],"wp:attachment":[{"href":"https:\/\/www.onsite.cz\/en\/wp-json\/wp\/v2\/media?parent=1378"}],"curies":[{"name":"wp","href":"https:\/\/api.w.org\/{rel}","templated":true}]}}